{"id":2,"date":"2011-07-02T16:34:35","date_gmt":"2011-07-02T16:34:35","guid":{"rendered":"http:\/\/www.andreas-sindermann.de\/v2\/wp\/?page_id=2"},"modified":"2020-01-22T10:56:12","modified_gmt":"2020-01-22T10:56:12","slug":"beispiel-seite","status":"publish","type":"page","link":"https:\/\/www.andreas-sindermann.de\/v2\/wp\/?page_id=2","title":{"rendered":"Impressum"},"content":{"rendered":"<p>Diese Homepage enth\u00e4lt rein private Seiten und dient keinerlei kommerziellen Interessen.<\/p>\n<p>In allen Angelegenheiten von Urheberrechten, Linksetzungen und anderen rechtlichen Belangen verweise ich auf den unten stehenden Disclaimer\/Haftungsausschlu\u00df, welcher fester Bestandteil dieser Homepage ist.<\/p>\n<p>Alle hier ver\u00f6ffentlichten Bilder und Texte unterliegen den Rechten der jeweiligen Autoren und d\u00fcrfen ohne die ausdr\u00fcckliche Genehmigung des Autors nicht weiterverbreitet oder anderweitig publiziert werden.<\/p>\n<p align=\"center\"><a href=\"http:\/\/www.disclaimer.de\/disclaimer.htm?farbe=FFFFFF\/000000\/000000\/000000\" target=\"_blank\" rel=\"noopener noreferrer\"><img loading=\"lazy\" decoding=\"async\" src=\"http:\/\/www.disclaimer.de\/images\/dis_06.gif\" alt=\"disclaimer\" width=\"80\" height=\"20\" border=\"0\"><\/a><\/p>\n<\/p>\n<div class='wp_likes' id='wp_likes_post-2'><a class='like' href=\"javascript:wp_likes.like(2);\" title='' ><img decoding=\"async\" src=\"https:\/\/www.andreas-sindermann.de\/v2\/wp\/wp-content\/plugins\/wp-likes\/images\/like.png\" alt='' border='0'\/><\/a><span class='text'>Be the first to like.<\/span><\/p>\n<div class='like' ><a href=\"javascript:wp_likes.like(2);\">Gef\u00e4llt mir<\/a><\/div>\n<div class='unlike' ><a href=\"javascript:wp_likes.unlike(2);\">Gef\u00e4llt mir zur\u00fccknehmen<\/a><\/div>\n<\/div>\n","protected":false},"excerpt":{"rendered":"<p>Diese Homepage enth\u00e4lt rein private Seiten und dient keinerlei kommerziellen Interessen. In allen Angelegenheiten von Urheberrechten, Linksetzungen und anderen rechtlichen Belangen verweise ich auf den unten stehenden Disclaimer\/Haftungsausschlu\u00df, welcher fester Bestandteil dieser Homepage ist. Alle hier ver\u00f6ffentlichten Bilder und Texte &hellip; <a href=\"https:\/\/www.andreas-sindermann.de\/v2\/wp\/?page_id=2\">Weiterlesen <span class=\"meta-nav\">&rarr;<\/span><\/a><\/p>\n","protected":false},"author":1,"featured_media":0,"parent":0,"menu_order":0,"comment_status":"closed","ping_status":"open","template":"","meta":{"footnotes":""},"class_list":["post-2","page","type-page","status-publish","hentry"],"_links":{"self":[{"href":"https:\/\/www.andreas-sindermann.de\/v2\/wp\/index.php?rest_route=\/wp\/v2\/pages\/2","targetHints":{"allow":["GET"]}}],"collection":[{"href":"https:\/\/www.andreas-sindermann.de\/v2\/wp\/index.php?rest_route=\/wp\/v2\/pages"}],"about":[{"href":"https:\/\/www.andreas-sindermann.de\/v2\/wp\/index.php?rest_route=\/wp\/v2\/types\/page"}],"author":[{"embeddable":true,"href":"https:\/\/www.andreas-sindermann.de\/v2\/wp\/index.php?rest_route=\/wp\/v2\/users\/1"}],"replies":[{"embeddable":true,"href":"https:\/\/www.andreas-sindermann.de\/v2\/wp\/index.php?rest_route=%2Fwp%2Fv2%2Fcomments&post=2"}],"version-history":[{"count":4,"href":"https:\/\/www.andreas-sindermann.de\/v2\/wp\/index.php?rest_route=\/wp\/v2\/pages\/2\/revisions"}],"predecessor-version":[{"id":2844,"href":"https:\/\/www.andreas-sindermann.de\/v2\/wp\/index.php?rest_route=\/wp\/v2\/pages\/2\/revisions\/2844"}],"wp:attachment":[{"href":"https:\/\/www.andreas-sindermann.de\/v2\/wp\/index.php?rest_route=%2Fwp%2Fv2%2Fmedia&parent=2"}],"curies":[{"name":"wp","href":"https:\/\/api.w.org\/{rel}","templated":true}]}}